{"id":2993,"date":"2024-04-17T14:32:31","date_gmt":"2024-04-17T12:32:31","guid":{"rendered":"https:\/\/luminaglow.ee\/?post_type=product&#038;p=2993"},"modified":"2025-06-04T09:37:05","modified_gmt":"2025-06-04T07:37:05","slug":"luminasun-uv-kleebis","status":"publish","type":"product","link":"https:\/\/luminaglow.ee\/en\/product\/luminasun-uv-kleebis\/","title":{"rendered":"LuminaSun UV kleebis"},"content":{"rendered":"<p><strong>Kasutamine:<\/strong><\/p>\n<ol>\n<li>Eemalda kleebis puhaste k\u00e4tega<\/li>\n<li>Kleebi kleebis oma kehale. V\u00e4ldi \u00f5liseid, karvaseid kohti ja lahtisi haavu.<\/li>\n<li>M\u00e4\u00e4ri peale p\u00e4ikesekaitsekreemi. Lase sel m\u00f5juda umbes 30 sekundit.<\/li>\n<li>Mine p\u00e4ikese k\u00e4tte. Kui kleebis muutub l\u00e4bipaistvaks, oled kaitstud. <strong>Kui kleebise v\u00e4rv tumeneb, kreemita end uuesti!<\/strong><\/li>\n<\/ol>\n<p>Kasutusk\u00f5lblik 12 kuud p\u00e4rast pakendi avamist.<\/p>\n<p>Koostisained: Titanium Dioxide, UV tundlik tint<\/p>","protected":false},"excerpt":{"rendered":"<p>LuminaSun p\u00e4ikesekleebised pakuvad k\u00f5rgtehnoloogilist, mittetoksilist ja keskkonnas\u00f5bralikku kaitset.<\/p>\n<ul>\n<li>kleebised on veekindlad<\/li>\n<li>\u00a0lihtne kasutada, sobib nii lastele kui ka t\u00e4iskasvanutele<\/li>\n<li>12 kleebist pakendis<\/li>\n<li>taassuletav zip-kott<\/li>\n<\/ul>\n<p>Kui teie nahk on kaotanud UV kaitse, muudab kleebis v\u00e4rvust ja peaksite end uuesti kreemitama. K\u00f5ik LuminaSun p\u00e4ikesekleebised on l\u00e4binud UV kontrolli.<\/p>\n<p>&nbsp;<\/p>","protected":false},"featured_media":2995,"template":"","meta":{"om_disable_all_campaigns":false,"_monsterinsights_skip_tracking":false,"_monsterinsights_sitenote_active":false,"_monsterinsights_sitenote_note":"","_monsterinsights_sitenote_category":0,"_uf_show_specific_survey":0,"_uf_disable_surveys":false,"site-sidebar-layout":"default","site-content-layout":"","ast-site-content-layout":"default","site-content-style":"default","site-sidebar-style":"default","ast-global-header-display":"","ast-banner-title-visibility":"","ast-main-header-display":"","ast-hfb-above-header-display":"","ast-hfb-below-header-display":"","ast-hfb-mobile-header-display":"","site-post-title":"","ast-breadcrumbs-content":"","ast-featured-img":"","footer-sml-layout":"","ast-disable-related-posts":"","theme-transparent-header-meta":"default","adv-header-id-meta":"","stick-header-meta":"","header-above-stick-meta":"","header-main-stick-meta":"","header-below-stick-meta":"","astra-migrate-meta-layouts":"set","ast-page-background-enabled":"default","ast-page-background-meta":{"desktop":{"background-color":"","background-image":"","background-repeat":"repeat","background-position":"center center","background-size":"auto","background-attachment":"scroll","background-type":"","background-media":"","overlay-type":"","overlay-color":"","overlay-opacity":"","overlay-gradient":""},"tablet":{"background-color":"","background-image":"","background-repeat":"repeat","background-position":"center center","background-size":"auto","background-attachment":"scroll","background-type":"","background-media":"","overlay-type":"","overlay-color":"","overlay-opacity":"","overlay-gradient":""},"mobile":{"background-color":"","background-image":"","background-repeat":"repeat","background-position":"center center","background-size":"auto","background-attachment":"scroll","background-type":"","background-media":"","overlay-type":"","overlay-color":"","overlay-opacity":"","overlay-gradient":""}},"ast-content-background-meta":{"desktop":{"background-color":"var(--ast-global-color-5)","background-image":"","background-repeat":"repeat","background-position":"center center","background-size":"auto","background-attachment":"scroll","background-type":"","background-media":"","overlay-type":"","overlay-color":"","overlay-opacity":"","overlay-gradient":""},"tablet":{"background-color":"var(--ast-global-color-5)","background-image":"","background-repeat":"repeat","background-position":"center center","background-size":"auto","background-attachment":"scroll","background-type":"","background-media":"","overlay-type":"","overlay-color":"","overlay-opacity":"","overlay-gradient":""},"mobile":{"background-color":"var(--ast-global-color-5)","background-image":"","background-repeat":"repeat","background-position":"center center","background-size":"auto","background-attachment":"scroll","background-type":"","background-media":"","overlay-type":"","overlay-color":"","overlay-opacity":"","overlay-gradient":""}}},"product_brand":[],"product_cat":[31],"product_tag":[],"class_list":{"0":"post-2993","1":"product","2":"type-product","3":"status-publish","4":"has-post-thumbnail","6":"product_cat-tarvikud","7":"desktop-align-left","8":"tablet-align-left","9":"mobile-align-left","11":"first","12":"instock","13":"sale","14":"shipping-taxable","15":"purchasable","16":"product-type-simple"},"yoast_head":"<!-- This site is optimized with the Yoast SEO plugin v27.5 - https:\/\/yoast.com\/product\/yoast-seo-wordpress\/ -->\n<title>LuminaSun UV kleebis - LuminaGlow ripsmepikendused<\/title>\n<meta name=\"description\" content=\"LuminaSun p\u00e4ikesekleebised pakuvad k\u00f5rgtehnoloogilist, mittetoksilist ja keskkonnas\u00f5bralikku kaitset.kleebised on veekindlad\u00a0lihtne kasutada, sobib nii lastele kui ka t\u00e4iskasvanutele12 kleebist pakendis\u00a0taassuletav zip-kott\" \/>\n<meta name=\"robots\" content=\"index, follow, max-snippet:-1, max-image-preview:large, max-video-preview:-1\" \/>\n<link rel=\"canonical\" href=\"https:\/\/luminaglow.ee\/en\/product\/luminasun-uv-kleebis\/\" \/>\n<meta property=\"og:locale\" content=\"en_GB\" \/>\n<meta property=\"og:type\" content=\"article\" \/>\n<meta property=\"og:title\" content=\"LuminaSun UV kleebis - LuminaGlow ripsmepikendused\" \/>\n<meta property=\"og:description\" content=\"LuminaSun p\u00e4ikesekleebised pakuvad k\u00f5rgtehnoloogilist, mittetoksilist ja keskkonnas\u00f5bralikku kaitset.kleebised on veekindlad\u00a0lihtne kasutada, sobib nii lastele kui ka t\u00e4iskasvanutele12 kleebist pakendis\u00a0taassuletav zip-kott\" \/>\n<meta property=\"og:url\" content=\"https:\/\/luminaglow.ee\/en\/product\/luminasun-uv-kleebis\/\" \/>\n<meta property=\"og:site_name\" content=\"LuminaGlow ripsmepikendused\" \/>\n<meta property=\"article:publisher\" content=\"https:\/\/www.facebook.com\/people\/LuminaGlow\/100092716291095\/\" \/>\n<meta property=\"article:modified_time\" content=\"2025-06-04T07:37:05+00:00\" \/>\n<meta property=\"og:image\" content=\"https:\/\/luminaglow.ee\/wp-content\/uploads\/2024\/04\/PhotoRoom_20240417_151055.jpeg\" \/>\n\t<meta property=\"og:image:width\" content=\"1600\" \/>\n\t<meta property=\"og:image:height\" content=\"1600\" \/>\n\t<meta property=\"og:image:type\" content=\"image\/jpeg\" \/>\n<meta name=\"twitter:card\" content=\"summary_large_image\" \/>\n<meta name=\"twitter:label1\" content=\"Estimated reading time\" \/>\n\t<meta name=\"twitter:data1\" content=\"1 minute\" \/>\n<script type=\"application\/ld+json\" class=\"yoast-schema-graph\">{\"@context\":\"https:\\\/\\\/schema.org\",\"@graph\":[{\"@type\":\"WebPage\",\"@id\":\"https:\\\/\\\/luminaglow.ee\\\/toode\\\/luminasun-uv-kleebis\\\/\",\"url\":\"https:\\\/\\\/luminaglow.ee\\\/toode\\\/luminasun-uv-kleebis\\\/\",\"name\":\"LuminaSun UV kleebis - LuminaGlow ripsmepikendused\",\"isPartOf\":{\"@id\":\"https:\\\/\\\/luminaglow.ee\\\/#website\"},\"primaryImageOfPage\":{\"@id\":\"https:\\\/\\\/luminaglow.ee\\\/toode\\\/luminasun-uv-kleebis\\\/#primaryimage\"},\"image\":{\"@id\":\"https:\\\/\\\/luminaglow.ee\\\/toode\\\/luminasun-uv-kleebis\\\/#primaryimage\"},\"thumbnailUrl\":\"https:\\\/\\\/luminaglow.ee\\\/wp-content\\\/uploads\\\/2024\\\/04\\\/PhotoRoom_20240417_151055.jpeg\",\"datePublished\":\"2024-04-17T12:32:31+00:00\",\"dateModified\":\"2025-06-04T07:37:05+00:00\",\"description\":\"LuminaSun p\u00e4ikesekleebised pakuvad k\u00f5rgtehnoloogilist, mittetoksilist ja keskkonnas\u00f5bralikku kaitset.kleebised on veekindlad\u00a0lihtne kasutada, sobib nii lastele kui ka t\u00e4iskasvanutele12 kleebist pakendis\u00a0taassuletav zip-kott\",\"breadcrumb\":{\"@id\":\"https:\\\/\\\/luminaglow.ee\\\/toode\\\/luminasun-uv-kleebis\\\/#breadcrumb\"},\"inLanguage\":\"en-GB\",\"potentialAction\":[{\"@type\":\"ReadAction\",\"target\":[\"https:\\\/\\\/luminaglow.ee\\\/toode\\\/luminasun-uv-kleebis\\\/\"]}]},{\"@type\":\"ImageObject\",\"inLanguage\":\"en-GB\",\"@id\":\"https:\\\/\\\/luminaglow.ee\\\/toode\\\/luminasun-uv-kleebis\\\/#primaryimage\",\"url\":\"https:\\\/\\\/luminaglow.ee\\\/wp-content\\\/uploads\\\/2024\\\/04\\\/PhotoRoom_20240417_151055.jpeg\",\"contentUrl\":\"https:\\\/\\\/luminaglow.ee\\\/wp-content\\\/uploads\\\/2024\\\/04\\\/PhotoRoom_20240417_151055.jpeg\",\"width\":1600,\"height\":1600},{\"@type\":\"BreadcrumbList\",\"@id\":\"https:\\\/\\\/luminaglow.ee\\\/toode\\\/luminasun-uv-kleebis\\\/#breadcrumb\",\"itemListElement\":[{\"@type\":\"ListItem\",\"position\":1,\"name\":\"Home\",\"item\":\"https:\\\/\\\/luminaglow.ee\\\/\"},{\"@type\":\"ListItem\",\"position\":2,\"name\":\"Shop\",\"item\":\"https:\\\/\\\/luminaglow.ee\\\/shop\\\/\"},{\"@type\":\"ListItem\",\"position\":3,\"name\":\"LuminaSun UV kleebis\"}]},{\"@type\":\"WebSite\",\"@id\":\"https:\\\/\\\/luminaglow.ee\\\/#website\",\"url\":\"https:\\\/\\\/luminaglow.ee\\\/\",\"name\":\"LuminaGlow ripsmepikendused\",\"description\":\"DIY ripsmepikendused\",\"publisher\":{\"@id\":\"https:\\\/\\\/luminaglow.ee\\\/#organization\"},\"potentialAction\":[{\"@type\":\"SearchAction\",\"target\":{\"@type\":\"EntryPoint\",\"urlTemplate\":\"https:\\\/\\\/luminaglow.ee\\\/?s={search_term_string}\"},\"query-input\":{\"@type\":\"PropertyValueSpecification\",\"valueRequired\":true,\"valueName\":\"search_term_string\"}}],\"inLanguage\":\"en-GB\"},{\"@type\":\"Organization\",\"@id\":\"https:\\\/\\\/luminaglow.ee\\\/#organization\",\"name\":\"LuminaGlow ripsmepikendused\",\"url\":\"https:\\\/\\\/luminaglow.ee\\\/\",\"logo\":{\"@type\":\"ImageObject\",\"inLanguage\":\"en-GB\",\"@id\":\"https:\\\/\\\/luminaglow.ee\\\/#\\\/schema\\\/logo\\\/image\\\/\",\"url\":\"https:\\\/\\\/luminaglow.ee\\\/wp-content\\\/uploads\\\/2023\\\/03\\\/cropped-luminaglow2-removebg-preview.png\",\"contentUrl\":\"https:\\\/\\\/luminaglow.ee\\\/wp-content\\\/uploads\\\/2023\\\/03\\\/cropped-luminaglow2-removebg-preview.png\",\"width\":852,\"height\":284,\"caption\":\"LuminaGlow ripsmepikendused\"},\"image\":{\"@id\":\"https:\\\/\\\/luminaglow.ee\\\/#\\\/schema\\\/logo\\\/image\\\/\"},\"sameAs\":[\"https:\\\/\\\/www.facebook.com\\\/people\\\/LuminaGlow\\\/100092716291095\\\/\",\"https:\\\/\\\/www.instagram.com\\\/luminaglow_lashes\\\/\"]}]}<\/script>\n<!-- \/ Yoast SEO plugin. -->","yoast_head_json":{"title":"LuminaSun UV kleebis - LuminaGlow ripsmepikendused","description":"LuminaSun p\u00e4ikesekleebised pakuvad k\u00f5rgtehnoloogilist, mittetoksilist ja keskkonnas\u00f5bralikku kaitset.kleebised on veekindlad\u00a0lihtne kasutada, sobib nii lastele kui ka t\u00e4iskasvanutele12 kleebist pakendis\u00a0taassuletav zip-kott","robots":{"index":"index","follow":"follow","max-snippet":"max-snippet:-1","max-image-preview":"max-image-preview:large","max-video-preview":"max-video-preview:-1"},"canonical":"https:\/\/luminaglow.ee\/en\/product\/luminasun-uv-kleebis\/","og_locale":"en_GB","og_type":"article","og_title":"LuminaSun UV kleebis - LuminaGlow ripsmepikendused","og_description":"LuminaSun p\u00e4ikesekleebised pakuvad k\u00f5rgtehnoloogilist, mittetoksilist ja keskkonnas\u00f5bralikku kaitset.kleebised on veekindlad\u00a0lihtne kasutada, sobib nii lastele kui ka t\u00e4iskasvanutele12 kleebist pakendis\u00a0taassuletav zip-kott","og_url":"https:\/\/luminaglow.ee\/en\/product\/luminasun-uv-kleebis\/","og_site_name":"LuminaGlow ripsmepikendused","article_publisher":"https:\/\/www.facebook.com\/people\/LuminaGlow\/100092716291095\/","article_modified_time":"2025-06-04T07:37:05+00:00","og_image":[{"width":1600,"height":1600,"url":"https:\/\/luminaglow.ee\/wp-content\/uploads\/2024\/04\/PhotoRoom_20240417_151055.jpeg","type":"image\/jpeg"}],"twitter_card":"summary_large_image","twitter_misc":{"Estimated reading time":"1 minute"},"schema":{"@context":"https:\/\/schema.org","@graph":[{"@type":"WebPage","@id":"https:\/\/luminaglow.ee\/toode\/luminasun-uv-kleebis\/","url":"https:\/\/luminaglow.ee\/toode\/luminasun-uv-kleebis\/","name":"LuminaSun UV kleebis - LuminaGlow ripsmepikendused","isPartOf":{"@id":"https:\/\/luminaglow.ee\/#website"},"primaryImageOfPage":{"@id":"https:\/\/luminaglow.ee\/toode\/luminasun-uv-kleebis\/#primaryimage"},"image":{"@id":"https:\/\/luminaglow.ee\/toode\/luminasun-uv-kleebis\/#primaryimage"},"thumbnailUrl":"https:\/\/luminaglow.ee\/wp-content\/uploads\/2024\/04\/PhotoRoom_20240417_151055.jpeg","datePublished":"2024-04-17T12:32:31+00:00","dateModified":"2025-06-04T07:37:05+00:00","description":"LuminaSun p\u00e4ikesekleebised pakuvad k\u00f5rgtehnoloogilist, mittetoksilist ja keskkonnas\u00f5bralikku kaitset.kleebised on veekindlad\u00a0lihtne kasutada, sobib nii lastele kui ka t\u00e4iskasvanutele12 kleebist pakendis\u00a0taassuletav zip-kott","breadcrumb":{"@id":"https:\/\/luminaglow.ee\/toode\/luminasun-uv-kleebis\/#breadcrumb"},"inLanguage":"en-GB","potentialAction":[{"@type":"ReadAction","target":["https:\/\/luminaglow.ee\/toode\/luminasun-uv-kleebis\/"]}]},{"@type":"ImageObject","inLanguage":"en-GB","@id":"https:\/\/luminaglow.ee\/toode\/luminasun-uv-kleebis\/#primaryimage","url":"https:\/\/luminaglow.ee\/wp-content\/uploads\/2024\/04\/PhotoRoom_20240417_151055.jpeg","contentUrl":"https:\/\/luminaglow.ee\/wp-content\/uploads\/2024\/04\/PhotoRoom_20240417_151055.jpeg","width":1600,"height":1600},{"@type":"BreadcrumbList","@id":"https:\/\/luminaglow.ee\/toode\/luminasun-uv-kleebis\/#breadcrumb","itemListElement":[{"@type":"ListItem","position":1,"name":"Home","item":"https:\/\/luminaglow.ee\/"},{"@type":"ListItem","position":2,"name":"Shop","item":"https:\/\/luminaglow.ee\/shop\/"},{"@type":"ListItem","position":3,"name":"LuminaSun UV kleebis"}]},{"@type":"WebSite","@id":"https:\/\/luminaglow.ee\/#website","url":"https:\/\/luminaglow.ee\/","name":"LuminaGlow eyelash extensions","description":"DIY ripsmepikendused","publisher":{"@id":"https:\/\/luminaglow.ee\/#organization"},"potentialAction":[{"@type":"SearchAction","target":{"@type":"EntryPoint","urlTemplate":"https:\/\/luminaglow.ee\/?s={search_term_string}"},"query-input":{"@type":"PropertyValueSpecification","valueRequired":true,"valueName":"search_term_string"}}],"inLanguage":"en-GB"},{"@type":"Organization","@id":"https:\/\/luminaglow.ee\/#organization","name":"LuminaGlow eyelash extensions","url":"https:\/\/luminaglow.ee\/","logo":{"@type":"ImageObject","inLanguage":"en-GB","@id":"https:\/\/luminaglow.ee\/#\/schema\/logo\/image\/","url":"https:\/\/luminaglow.ee\/wp-content\/uploads\/2023\/03\/cropped-luminaglow2-removebg-preview.png","contentUrl":"https:\/\/luminaglow.ee\/wp-content\/uploads\/2023\/03\/cropped-luminaglow2-removebg-preview.png","width":852,"height":284,"caption":"LuminaGlow ripsmepikendused"},"image":{"@id":"https:\/\/luminaglow.ee\/#\/schema\/logo\/image\/"},"sameAs":["https:\/\/www.facebook.com\/people\/LuminaGlow\/100092716291095\/","https:\/\/www.instagram.com\/luminaglow_lashes\/"]}]}},"_links":{"self":[{"href":"https:\/\/luminaglow.ee\/en\/wp-json\/wp\/v2\/product\/2993","targetHints":{"allow":["GET"]}}],"collection":[{"href":"https:\/\/luminaglow.ee\/en\/wp-json\/wp\/v2\/product"}],"about":[{"href":"https:\/\/luminaglow.ee\/en\/wp-json\/wp\/v2\/types\/product"}],"wp:featuredmedia":[{"embeddable":true,"href":"https:\/\/luminaglow.ee\/en\/wp-json\/wp\/v2\/media\/2995"}],"wp:attachment":[{"href":"https:\/\/luminaglow.ee\/en\/wp-json\/wp\/v2\/media?parent=2993"}],"wp:term":[{"taxonomy":"product_brand","embeddable":true,"href":"https:\/\/luminaglow.ee\/en\/wp-json\/wp\/v2\/product_brand?post=2993"},{"taxonomy":"product_cat","embeddable":true,"href":"https:\/\/luminaglow.ee\/en\/wp-json\/wp\/v2\/product_cat?post=2993"},{"taxonomy":"product_tag","embeddable":true,"href":"https:\/\/luminaglow.ee\/en\/wp-json\/wp\/v2\/product_tag?post=2993"}],"curies":[{"name":"wp","href":"https:\/\/api.w.org\/{rel}","templated":true}]}}