{"id":2507,"date":"2023-09-07T19:15:46","date_gmt":"2023-09-07T19:15:46","guid":{"rendered":"https:\/\/luminaglow.ee\/?post_type=product&#038;p=2507"},"modified":"2026-03-27T12:40:55","modified_gmt":"2026-03-27T10:40:55","slug":"luminaglow-ripsmepikenduste-komplekt-glam","status":"publish","type":"product","link":"https:\/\/luminaglow.ee\/en\/product\/luminaglow-ripsmepikenduste-komplekt-glam\/","title":{"rendered":"LuminaGlow eyelash extensions kit Glam"},"content":{"rendered":"<ul>\n<li><strong>Especially soft and natural!<\/strong><\/li>\n<li><strong>K\u00f5ik vajalik \u00fches karbis<\/strong><\/li>\n<li>Last up to 5-7 days<\/li>\n<li>3 rinevat stiili karbis<\/li>\n<li>Eyelash clusters are reusable<\/li>\n<li>Eyelashes and glue are waterproof<\/li>\n<li>Install and maintain yourself without leaving home<\/li>\n<\/ul>","protected":false},"excerpt":{"rendered":"<div id=\":vv\" class=\"ii gt\">\n<div id=\":vu\" class=\"a3s aiL\"><span style=\"font-size: 16px;\">The LuminaGlow eyelash extensions kit Glam is designed for even the most delicate lashes. LuminaGlow's new lashes are soft and airy, and the adhesive is stronger and even more long-lasting. Designed with you in mind, you'll find various styles in the box and everything you need for lash application<\/span><\/div>\n<div>The package contains:<\/div>\n<ul>\n<li>3 eri stiilis ripsmepikendused pikkusega 8-14mm<\/li>\n<li>Tweezers for eyelash application<\/li>\n<li>LuminaGlow eyelash glue<\/li>\n<li>Sealer<\/li>\n<li>Remover<\/li>\n<\/ul>\n<div class=\"yj6qo\"><\/div>\n<div class=\"yj6qo\"><\/div>\n<\/div>\n<div id=\":115\" class=\"hq gt\"><\/div>","protected":false},"featured_media":2962,"template":"","meta":{"om_disable_all_campaigns":false,"_monsterinsights_skip_tracking":false,"_monsterinsights_sitenote_active":false,"_monsterinsights_sitenote_note":"","_monsterinsights_sitenote_category":0,"_uf_show_specific_survey":0,"_uf_disable_surveys":false,"site-sidebar-layout":"default","site-content-layout":"","ast-site-content-layout":"default","site-content-style":"default","site-sidebar-style":"default","ast-global-header-display":"","ast-banner-title-visibility":"","ast-main-header-display":"","ast-hfb-above-header-display":"","ast-hfb-below-header-display":"","ast-hfb-mobile-header-display":"","site-post-title":"","ast-breadcrumbs-content":"","ast-featured-img":"","footer-sml-layout":"","ast-disable-related-posts":"","theme-transparent-header-meta":"default","adv-header-id-meta":"","stick-header-meta":"","header-above-stick-meta":"","header-main-stick-meta":"","header-below-stick-meta":"","astra-migrate-meta-layouts":"set","ast-page-background-enabled":"default","ast-page-background-meta":{"desktop":{"background-color":"","background-image":"","background-repeat":"repeat","background-position":"center center","background-size":"auto","background-attachment":"scroll","background-type":"","background-media":"","overlay-type":"","overlay-color":"","overlay-opacity":"","overlay-gradient":""},"tablet":{"background-color":"","background-image":"","background-repeat":"repeat","background-position":"center center","background-size":"auto","background-attachment":"scroll","background-type":"","background-media":"","overlay-type":"","overlay-color":"","overlay-opacity":"","overlay-gradient":""},"mobile":{"background-color":"","background-image":"","background-repeat":"repeat","background-position":"center center","background-size":"auto","background-attachment":"scroll","background-type":"","background-media":"","overlay-type":"","overlay-color":"","overlay-opacity":"","overlay-gradient":""}},"ast-content-background-meta":{"desktop":{"background-color":"var(--ast-global-color-5)","background-image":"","background-repeat":"repeat","background-position":"center center","background-size":"auto","background-attachment":"scroll","background-type":"","background-media":"","overlay-type":"","overlay-color":"","overlay-opacity":"","overlay-gradient":""},"tablet":{"background-color":"var(--ast-global-color-5)","background-image":"","background-repeat":"repeat","background-position":"center center","background-size":"auto","background-attachment":"scroll","background-type":"","background-media":"","overlay-type":"","overlay-color":"","overlay-opacity":"","overlay-gradient":""},"mobile":{"background-color":"var(--ast-global-color-5)","background-image":"","background-repeat":"repeat","background-position":"center center","background-size":"auto","background-attachment":"scroll","background-type":"","background-media":"","overlay-type":"","overlay-color":"","overlay-opacity":"","overlay-gradient":""}}},"product_brand":[],"product_cat":[30],"product_tag":[],"class_list":{"0":"post-2507","1":"product","2":"type-product","3":"status-publish","4":"has-post-thumbnail","6":"product_cat-ripsmepikendused","7":"desktop-align-left","8":"tablet-align-left","9":"mobile-align-left","11":"first","12":"instock","13":"featured","14":"shipping-taxable","15":"purchasable","16":"product-type-simple"},"yoast_head":"<!-- This site is optimized with the Yoast SEO plugin v27.3 - https:\/\/yoast.com\/product\/yoast-seo-wordpress\/ -->\n<title>LuminaGlow ripsmepikenduste komplekt Glam - LuminaGlow ripsmepikendused<\/title>\n<meta name=\"description\" content=\"LuminaGlow ripsmepikenduste komplekt Glam on m\u00f5eldud ka k\u00f5ige pirtskamatele ripsmetele. LuminaGlow uued ripsmed on pehmed ja \u00f5hulised ning liim on tugevam ja veelgi p\u00fcsivam. Just Sinule m\u00f5eldes leiad karbist erinevad stiilid ja k\u00f5ik vajaliku ripsmete paigaldamiseks.\" \/>\n<meta name=\"robots\" content=\"index, follow, max-snippet:-1, max-image-preview:large, max-video-preview:-1\" \/>\n<link rel=\"canonical\" href=\"https:\/\/luminaglow.ee\/en\/product\/luminaglow-ripsmepikenduste-komplekt-glam\/\" \/>\n<meta property=\"og:locale\" content=\"en_GB\" \/>\n<meta property=\"og:type\" content=\"article\" \/>\n<meta property=\"og:title\" content=\"LuminaGlow ripsmepikenduste komplekt Glam - LuminaGlow ripsmepikendused\" \/>\n<meta property=\"og:description\" content=\"LuminaGlow ripsmepikenduste komplekt Glam on m\u00f5eldud ka k\u00f5ige pirtskamatele ripsmetele. LuminaGlow uued ripsmed on pehmed ja \u00f5hulised ning liim on tugevam ja veelgi p\u00fcsivam. Just Sinule m\u00f5eldes leiad karbist erinevad stiilid ja k\u00f5ik vajaliku ripsmete paigaldamiseks.\" \/>\n<meta property=\"og:url\" content=\"https:\/\/luminaglow.ee\/en\/product\/luminaglow-ripsmepikenduste-komplekt-glam\/\" \/>\n<meta property=\"og:site_name\" content=\"LuminaGlow ripsmepikendused\" \/>\n<meta property=\"article:publisher\" content=\"https:\/\/www.facebook.com\/people\/LuminaGlow\/100092716291095\/\" \/>\n<meta property=\"article:modified_time\" content=\"2026-03-27T10:40:55+00:00\" \/>\n<meta property=\"og:image\" content=\"https:\/\/luminaglow.ee\/wp-content\/uploads\/2023\/09\/Frame-33-1024x1024.png\" \/>\n\t<meta property=\"og:image:width\" content=\"1024\" \/>\n\t<meta property=\"og:image:height\" content=\"1024\" \/>\n\t<meta property=\"og:image:type\" content=\"image\/png\" \/>\n<meta name=\"twitter:card\" content=\"summary_large_image\" \/>\n<meta name=\"twitter:label1\" content=\"Estimated reading time\" \/>\n\t<meta name=\"twitter:data1\" content=\"1 minute\" \/>\n<script type=\"application\/ld+json\" class=\"yoast-schema-graph\">{\"@context\":\"https:\\\/\\\/schema.org\",\"@graph\":[{\"@type\":\"WebPage\",\"@id\":\"https:\\\/\\\/luminaglow.ee\\\/toode\\\/luminaglow-ripsmepikenduste-komplekt-glam\\\/\",\"url\":\"https:\\\/\\\/luminaglow.ee\\\/toode\\\/luminaglow-ripsmepikenduste-komplekt-glam\\\/\",\"name\":\"LuminaGlow ripsmepikenduste komplekt Glam - LuminaGlow ripsmepikendused\",\"isPartOf\":{\"@id\":\"https:\\\/\\\/luminaglow.ee\\\/#website\"},\"primaryImageOfPage\":{\"@id\":\"https:\\\/\\\/luminaglow.ee\\\/toode\\\/luminaglow-ripsmepikenduste-komplekt-glam\\\/#primaryimage\"},\"image\":{\"@id\":\"https:\\\/\\\/luminaglow.ee\\\/toode\\\/luminaglow-ripsmepikenduste-komplekt-glam\\\/#primaryimage\"},\"thumbnailUrl\":\"https:\\\/\\\/luminaglow.ee\\\/wp-content\\\/uploads\\\/2023\\\/09\\\/Frame-33.png\",\"datePublished\":\"2023-09-07T19:15:46+00:00\",\"dateModified\":\"2026-03-27T10:40:55+00:00\",\"description\":\"LuminaGlow ripsmepikenduste komplekt Glam on m\u00f5eldud ka k\u00f5ige pirtskamatele ripsmetele. LuminaGlow uued ripsmed on pehmed ja \u00f5hulised ning liim on tugevam ja veelgi p\u00fcsivam. Just Sinule m\u00f5eldes leiad karbist erinevad stiilid ja k\u00f5ik vajaliku ripsmete paigaldamiseks.\",\"breadcrumb\":{\"@id\":\"https:\\\/\\\/luminaglow.ee\\\/toode\\\/luminaglow-ripsmepikenduste-komplekt-glam\\\/#breadcrumb\"},\"inLanguage\":\"en-GB\",\"potentialAction\":[{\"@type\":\"ReadAction\",\"target\":[\"https:\\\/\\\/luminaglow.ee\\\/toode\\\/luminaglow-ripsmepikenduste-komplekt-glam\\\/\"]}]},{\"@type\":\"ImageObject\",\"inLanguage\":\"en-GB\",\"@id\":\"https:\\\/\\\/luminaglow.ee\\\/toode\\\/luminaglow-ripsmepikenduste-komplekt-glam\\\/#primaryimage\",\"url\":\"https:\\\/\\\/luminaglow.ee\\\/wp-content\\\/uploads\\\/2023\\\/09\\\/Frame-33.png\",\"contentUrl\":\"https:\\\/\\\/luminaglow.ee\\\/wp-content\\\/uploads\\\/2023\\\/09\\\/Frame-33.png\",\"width\":1700,\"height\":1700},{\"@type\":\"BreadcrumbList\",\"@id\":\"https:\\\/\\\/luminaglow.ee\\\/toode\\\/luminaglow-ripsmepikenduste-komplekt-glam\\\/#breadcrumb\",\"itemListElement\":[{\"@type\":\"ListItem\",\"position\":1,\"name\":\"Home\",\"item\":\"https:\\\/\\\/luminaglow.ee\\\/\"},{\"@type\":\"ListItem\",\"position\":2,\"name\":\"Shop\",\"item\":\"https:\\\/\\\/luminaglow.ee\\\/shop\\\/\"},{\"@type\":\"ListItem\",\"position\":3,\"name\":\"LuminaGlow ripsmepikenduste komplekt Glam\"}]},{\"@type\":\"WebSite\",\"@id\":\"https:\\\/\\\/luminaglow.ee\\\/#website\",\"url\":\"https:\\\/\\\/luminaglow.ee\\\/\",\"name\":\"LuminaGlow ripsmepikendused\",\"description\":\"DIY ripsmepikendused\",\"publisher\":{\"@id\":\"https:\\\/\\\/luminaglow.ee\\\/#organization\"},\"potentialAction\":[{\"@type\":\"SearchAction\",\"target\":{\"@type\":\"EntryPoint\",\"urlTemplate\":\"https:\\\/\\\/luminaglow.ee\\\/?s={search_term_string}\"},\"query-input\":{\"@type\":\"PropertyValueSpecification\",\"valueRequired\":true,\"valueName\":\"search_term_string\"}}],\"inLanguage\":\"en-GB\"},{\"@type\":\"Organization\",\"@id\":\"https:\\\/\\\/luminaglow.ee\\\/#organization\",\"name\":\"LuminaGlow ripsmepikendused\",\"url\":\"https:\\\/\\\/luminaglow.ee\\\/\",\"logo\":{\"@type\":\"ImageObject\",\"inLanguage\":\"en-GB\",\"@id\":\"https:\\\/\\\/luminaglow.ee\\\/#\\\/schema\\\/logo\\\/image\\\/\",\"url\":\"https:\\\/\\\/luminaglow.ee\\\/wp-content\\\/uploads\\\/2023\\\/03\\\/cropped-luminaglow2-removebg-preview.png\",\"contentUrl\":\"https:\\\/\\\/luminaglow.ee\\\/wp-content\\\/uploads\\\/2023\\\/03\\\/cropped-luminaglow2-removebg-preview.png\",\"width\":852,\"height\":284,\"caption\":\"LuminaGlow ripsmepikendused\"},\"image\":{\"@id\":\"https:\\\/\\\/luminaglow.ee\\\/#\\\/schema\\\/logo\\\/image\\\/\"},\"sameAs\":[\"https:\\\/\\\/www.facebook.com\\\/people\\\/LuminaGlow\\\/100092716291095\\\/\",\"https:\\\/\\\/www.instagram.com\\\/luminaglow_lashes\\\/\"]}]}<\/script>\n<!-- \/ Yoast SEO plugin. -->","yoast_head_json":{"title":"LuminaGlow ripsmepikenduste komplekt Glam - LuminaGlow ripsmepikendused","description":"The LuminaGlow eyelash extensions kit Glam is designed for even the most delicate lashes. LuminaGlow's new lashes are soft and airy, and the adhesive is stronger and even more long-lasting. Designed with you in mind, you'll find various styles in the box and everything you need for lash application","robots":{"index":"index","follow":"follow","max-snippet":"max-snippet:-1","max-image-preview":"max-image-preview:large","max-video-preview":"max-video-preview:-1"},"canonical":"https:\/\/luminaglow.ee\/en\/product\/luminaglow-ripsmepikenduste-komplekt-glam\/","og_locale":"en_GB","og_type":"article","og_title":"LuminaGlow ripsmepikenduste komplekt Glam - LuminaGlow ripsmepikendused","og_description":"LuminaGlow ripsmepikenduste komplekt Glam on m\u00f5eldud ka k\u00f5ige pirtskamatele ripsmetele. LuminaGlow uued ripsmed on pehmed ja \u00f5hulised ning liim on tugevam ja veelgi p\u00fcsivam. Just Sinule m\u00f5eldes leiad karbist erinevad stiilid ja k\u00f5ik vajaliku ripsmete paigaldamiseks.","og_url":"https:\/\/luminaglow.ee\/en\/product\/luminaglow-ripsmepikenduste-komplekt-glam\/","og_site_name":"LuminaGlow ripsmepikendused","article_publisher":"https:\/\/www.facebook.com\/people\/LuminaGlow\/100092716291095\/","article_modified_time":"2026-03-27T10:40:55+00:00","og_image":[{"width":1024,"height":1024,"url":"https:\/\/luminaglow.ee\/wp-content\/uploads\/2023\/09\/Frame-33-1024x1024.png","type":"image\/png"}],"twitter_card":"summary_large_image","twitter_misc":{"Estimated reading time":"1 minute"},"schema":{"@context":"https:\/\/schema.org","@graph":[{"@type":"WebPage","@id":"https:\/\/luminaglow.ee\/toode\/luminaglow-ripsmepikenduste-komplekt-glam\/","url":"https:\/\/luminaglow.ee\/toode\/luminaglow-ripsmepikenduste-komplekt-glam\/","name":"LuminaGlow ripsmepikenduste komplekt Glam - LuminaGlow ripsmepikendused","isPartOf":{"@id":"https:\/\/luminaglow.ee\/#website"},"primaryImageOfPage":{"@id":"https:\/\/luminaglow.ee\/toode\/luminaglow-ripsmepikenduste-komplekt-glam\/#primaryimage"},"image":{"@id":"https:\/\/luminaglow.ee\/toode\/luminaglow-ripsmepikenduste-komplekt-glam\/#primaryimage"},"thumbnailUrl":"https:\/\/luminaglow.ee\/wp-content\/uploads\/2023\/09\/Frame-33.png","datePublished":"2023-09-07T19:15:46+00:00","dateModified":"2026-03-27T10:40:55+00:00","description":"The LuminaGlow eyelash extensions kit Glam is designed for even the most delicate lashes. LuminaGlow's new lashes are soft and airy, and the adhesive is stronger and even more long-lasting. Designed with you in mind, you'll find various styles in the box and everything you need for lash application","breadcrumb":{"@id":"https:\/\/luminaglow.ee\/toode\/luminaglow-ripsmepikenduste-komplekt-glam\/#breadcrumb"},"inLanguage":"en-GB","potentialAction":[{"@type":"ReadAction","target":["https:\/\/luminaglow.ee\/toode\/luminaglow-ripsmepikenduste-komplekt-glam\/"]}]},{"@type":"ImageObject","inLanguage":"en-GB","@id":"https:\/\/luminaglow.ee\/toode\/luminaglow-ripsmepikenduste-komplekt-glam\/#primaryimage","url":"https:\/\/luminaglow.ee\/wp-content\/uploads\/2023\/09\/Frame-33.png","contentUrl":"https:\/\/luminaglow.ee\/wp-content\/uploads\/2023\/09\/Frame-33.png","width":1700,"height":1700},{"@type":"BreadcrumbList","@id":"https:\/\/luminaglow.ee\/toode\/luminaglow-ripsmepikenduste-komplekt-glam\/#breadcrumb","itemListElement":[{"@type":"ListItem","position":1,"name":"Home","item":"https:\/\/luminaglow.ee\/"},{"@type":"ListItem","position":2,"name":"Shop","item":"https:\/\/luminaglow.ee\/shop\/"},{"@type":"ListItem","position":3,"name":"LuminaGlow ripsmepikenduste komplekt Glam"}]},{"@type":"WebSite","@id":"https:\/\/luminaglow.ee\/#website","url":"https:\/\/luminaglow.ee\/","name":"LuminaGlow eyelash extensions","description":"DIY ripsmepikendused","publisher":{"@id":"https:\/\/luminaglow.ee\/#organization"},"potentialAction":[{"@type":"SearchAction","target":{"@type":"EntryPoint","urlTemplate":"https:\/\/luminaglow.ee\/?s={search_term_string}"},"query-input":{"@type":"PropertyValueSpecification","valueRequired":true,"valueName":"search_term_string"}}],"inLanguage":"en-GB"},{"@type":"Organization","@id":"https:\/\/luminaglow.ee\/#organization","name":"LuminaGlow eyelash extensions","url":"https:\/\/luminaglow.ee\/","logo":{"@type":"ImageObject","inLanguage":"en-GB","@id":"https:\/\/luminaglow.ee\/#\/schema\/logo\/image\/","url":"https:\/\/luminaglow.ee\/wp-content\/uploads\/2023\/03\/cropped-luminaglow2-removebg-preview.png","contentUrl":"https:\/\/luminaglow.ee\/wp-content\/uploads\/2023\/03\/cropped-luminaglow2-removebg-preview.png","width":852,"height":284,"caption":"LuminaGlow ripsmepikendused"},"image":{"@id":"https:\/\/luminaglow.ee\/#\/schema\/logo\/image\/"},"sameAs":["https:\/\/www.facebook.com\/people\/LuminaGlow\/100092716291095\/","https:\/\/www.instagram.com\/luminaglow_lashes\/"]}]}},"_links":{"self":[{"href":"https:\/\/luminaglow.ee\/en\/wp-json\/wp\/v2\/product\/2507","targetHints":{"allow":["GET"]}}],"collection":[{"href":"https:\/\/luminaglow.ee\/en\/wp-json\/wp\/v2\/product"}],"about":[{"href":"https:\/\/luminaglow.ee\/en\/wp-json\/wp\/v2\/types\/product"}],"wp:featuredmedia":[{"embeddable":true,"href":"https:\/\/luminaglow.ee\/en\/wp-json\/wp\/v2\/media\/2962"}],"wp:attachment":[{"href":"https:\/\/luminaglow.ee\/en\/wp-json\/wp\/v2\/media?parent=2507"}],"wp:term":[{"taxonomy":"product_brand","embeddable":true,"href":"https:\/\/luminaglow.ee\/en\/wp-json\/wp\/v2\/product_brand?post=2507"},{"taxonomy":"product_cat","embeddable":true,"href":"https:\/\/luminaglow.ee\/en\/wp-json\/wp\/v2\/product_cat?post=2507"},{"taxonomy":"product_tag","embeddable":true,"href":"https:\/\/luminaglow.ee\/en\/wp-json\/wp\/v2\/product_tag?post=2507"}],"curies":[{"name":"wp","href":"https:\/\/api.w.org\/{rel}","templated":true}]}}