{"id":2216,"date":"2023-06-21T13:35:42","date_gmt":"2023-06-21T13:35:42","guid":{"rendered":"https:\/\/luminaglow.ee\/?post_type=product&#038;p=2216"},"modified":"2026-04-06T08:48:55","modified_gmt":"2026-04-06T06:48:55","slug":"cloud-c-mix-ripsmepikendused-vaike-karp-10-10-12mm","status":"publish","type":"product","link":"https:\/\/luminaglow.ee\/en\/product\/cloud-c-mix-ripsmepikendused-vaike-karp-10-10-12mm\/","title":{"rendered":"Cloud C-mix eyelash extensions small box 10mm-12-mm"},"content":{"rendered":"<p>Ripsmepikendused kahes pikkuses.<\/p>\n<p>V\u00e4iksem ja mugavam pakend.<\/p>\n<p>Install according to your wish - in one or three lengths, emphasizing the outer corner of the eye, or vice versa - making it rounder by adding longer eyelashes to the center of the eye.<\/p>\n<p>Ripsmed on ideaalsed kaasa v\u00f5tta reisile v\u00f5i k\u00fclastades SPA-d. Kuna ripsmeid on karbis 30 tutikut, siis j\u00e4tkub neid pikemaks ajaks. LuminaGlow ripsmepikendused on ideaalne lahendus naistele, kellel on kiire elutempo ja kes hindavad vabadust ja s\u00f5ltumatust!<\/p>\n<p>The lashes come in a durable, portable plastic box that's perfect for carrying in your handbag or travel case.<\/p>\n<p><strong>You also need LuminaGlow eyelash glue for installation!<\/strong><\/p>","protected":false},"excerpt":{"rendered":"<ul>\n<li><strong>Ideal solution for women who prefer wearing shorter lashes!<\/strong><\/li>\n<li><strong>Classic extensions to achieve a voluminous effect!<\/strong><\/li>\n<li>In the box, there are two different lengths - 10-12mm.<\/li>\n<li>Last up to 5-7 days<\/li>\n<li><strong>30 clusters in a box<\/strong><\/li>\n<li>Eyelash clusters are reusable<\/li>\n<li>Eyelashes and glue are waterproof<\/li>\n<li>Install and maintain yourself without leaving home<\/li>\n<li><strong>You also need LuminaGlow eyelash glue for installation!<\/strong><\/li>\n<\/ul>","protected":false},"featured_media":2500,"template":"","meta":{"om_disable_all_campaigns":false,"_monsterinsights_skip_tracking":false,"_monsterinsights_sitenote_active":false,"_monsterinsights_sitenote_note":"","_monsterinsights_sitenote_category":0,"_uf_show_specific_survey":0,"_uf_disable_surveys":false,"site-sidebar-layout":"default","site-content-layout":"default","ast-site-content-layout":"default","site-content-style":"default","site-sidebar-style":"default","ast-global-header-display":"","ast-banner-title-visibility":"","ast-main-header-display":"","ast-hfb-above-header-display":"","ast-hfb-below-header-display":"","ast-hfb-mobile-header-display":"","site-post-title":"","ast-breadcrumbs-content":"","ast-featured-img":"","footer-sml-layout":"","ast-disable-related-posts":"","theme-transparent-header-meta":"default","adv-header-id-meta":"","stick-header-meta":"","header-above-stick-meta":"","header-main-stick-meta":"","header-below-stick-meta":"","astra-migrate-meta-layouts":"set","ast-page-background-enabled":"default","ast-page-background-meta":{"desktop":{"background-color":"","background-image":"","background-repeat":"repeat","background-position":"center center","background-size":"auto","background-attachment":"scroll","background-type":"","background-media":"","overlay-type":"","overlay-color":"","overlay-opacity":"","overlay-gradient":""},"tablet":{"background-color":"","background-image":"","background-repeat":"repeat","background-position":"center center","background-size":"auto","background-attachment":"scroll","background-type":"","background-media":"","overlay-type":"","overlay-color":"","overlay-opacity":"","overlay-gradient":""},"mobile":{"background-color":"","background-image":"","background-repeat":"repeat","background-position":"center center","background-size":"auto","background-attachment":"scroll","background-type":"","background-media":"","overlay-type":"","overlay-color":"","overlay-opacity":"","overlay-gradient":""}},"ast-content-background-meta":{"desktop":{"background-color":"var(--ast-global-color-5)","background-image":"","background-repeat":"repeat","background-position":"center center","background-size":"auto","background-attachment":"scroll","background-type":"","background-media":"","overlay-type":"","overlay-color":"","overlay-opacity":"","overlay-gradient":""},"tablet":{"background-color":"var(--ast-global-color-5)","background-image":"","background-repeat":"repeat","background-position":"center center","background-size":"auto","background-attachment":"scroll","background-type":"","background-media":"","overlay-type":"","overlay-color":"","overlay-opacity":"","overlay-gradient":""},"mobile":{"background-color":"var(--ast-global-color-5)","background-image":"","background-repeat":"repeat","background-position":"center center","background-size":"auto","background-attachment":"scroll","background-type":"","background-media":"","overlay-type":"","overlay-color":"","overlay-opacity":"","overlay-gradient":""}}},"product_brand":[],"product_cat":[30],"product_tag":[],"class_list":{"0":"post-2216","1":"product","2":"type-product","3":"status-publish","4":"has-post-thumbnail","6":"product_cat-ripsmepikendused","7":"desktop-align-left","8":"tablet-align-left","9":"mobile-align-left","11":"first","12":"instock","13":"sale","14":"shipping-taxable","15":"purchasable","16":"product-type-simple"},"yoast_head":"<!-- This site is optimized with the Yoast SEO plugin v27.4 - https:\/\/yoast.com\/product\/yoast-seo-wordpress\/ -->\n<title>Cloud C-mix ripsmepikendused v\u00e4ike karp 10mm-12mm - LuminaGlow ripsmepikendused<\/title>\n<meta name=\"description\" content=\"Ripsmepikendused kahes pikkuses.V\u00e4iksem ja mugavam pakend.Paigalda vastavalt oma soovile- \u00fches v\u00f5i kolmes pikkuses r\u00f5hutades silma v\u00e4lisnurka v\u00f5i vastupidi- muutes seda \u00fcmaramaks lisades pikemad tutikud silma keskosasse.\" \/>\n<meta name=\"robots\" content=\"index, follow, max-snippet:-1, max-image-preview:large, max-video-preview:-1\" \/>\n<link rel=\"canonical\" href=\"https:\/\/luminaglow.ee\/en\/product\/cloud-c-mix-ripsmepikendused-vaike-karp-10-10-12mm\/\" \/>\n<meta property=\"og:locale\" content=\"en_GB\" \/>\n<meta property=\"og:type\" content=\"article\" \/>\n<meta property=\"og:title\" content=\"Cloud C-mix ripsmepikendused v\u00e4ike karp 10mm-12mm - LuminaGlow ripsmepikendused\" \/>\n<meta property=\"og:description\" content=\"Ripsmepikendused kahes pikkuses.V\u00e4iksem ja mugavam pakend.Paigalda vastavalt oma soovile- \u00fches v\u00f5i kolmes pikkuses r\u00f5hutades silma v\u00e4lisnurka v\u00f5i vastupidi- muutes seda \u00fcmaramaks lisades pikemad tutikud silma keskosasse.\" \/>\n<meta property=\"og:url\" content=\"https:\/\/luminaglow.ee\/en\/product\/cloud-c-mix-ripsmepikendused-vaike-karp-10-10-12mm\/\" \/>\n<meta property=\"og:site_name\" content=\"LuminaGlow ripsmepikendused\" \/>\n<meta property=\"article:publisher\" content=\"https:\/\/www.facebook.com\/people\/LuminaGlow\/100092716291095\/\" \/>\n<meta property=\"article:modified_time\" content=\"2026-04-06T06:48:55+00:00\" \/>\n<meta property=\"og:image\" content=\"https:\/\/luminaglow.ee\/wp-content\/uploads\/2023\/06\/PhotoRoom_20230907_210741.jpeg\" \/>\n\t<meta property=\"og:image:width\" content=\"1600\" \/>\n\t<meta property=\"og:image:height\" content=\"1600\" \/>\n\t<meta property=\"og:image:type\" content=\"image\/jpeg\" \/>\n<meta name=\"twitter:card\" content=\"summary_large_image\" \/>\n<meta name=\"twitter:label1\" content=\"Estimated reading time\" \/>\n\t<meta name=\"twitter:data1\" content=\"1 minute\" \/>\n<script type=\"application\/ld+json\" class=\"yoast-schema-graph\">{\"@context\":\"https:\\\/\\\/schema.org\",\"@graph\":[{\"@type\":\"WebPage\",\"@id\":\"https:\\\/\\\/luminaglow.ee\\\/toode\\\/cloud-c-mix-ripsmepikendused-vaike-karp-10-10-12mm\\\/\",\"url\":\"https:\\\/\\\/luminaglow.ee\\\/toode\\\/cloud-c-mix-ripsmepikendused-vaike-karp-10-10-12mm\\\/\",\"name\":\"Cloud C-mix ripsmepikendused v\u00e4ike karp 10mm-12mm - LuminaGlow ripsmepikendused\",\"isPartOf\":{\"@id\":\"https:\\\/\\\/luminaglow.ee\\\/#website\"},\"primaryImageOfPage\":{\"@id\":\"https:\\\/\\\/luminaglow.ee\\\/toode\\\/cloud-c-mix-ripsmepikendused-vaike-karp-10-10-12mm\\\/#primaryimage\"},\"image\":{\"@id\":\"https:\\\/\\\/luminaglow.ee\\\/toode\\\/cloud-c-mix-ripsmepikendused-vaike-karp-10-10-12mm\\\/#primaryimage\"},\"thumbnailUrl\":\"https:\\\/\\\/luminaglow.ee\\\/wp-content\\\/uploads\\\/2023\\\/06\\\/PhotoRoom_20230907_210741.jpeg\",\"datePublished\":\"2023-06-21T13:35:42+00:00\",\"dateModified\":\"2026-04-06T06:48:55+00:00\",\"description\":\"Ripsmepikendused kahes pikkuses.V\u00e4iksem ja mugavam pakend.Paigalda vastavalt oma soovile- \u00fches v\u00f5i kolmes pikkuses r\u00f5hutades silma v\u00e4lisnurka v\u00f5i vastupidi- muutes seda \u00fcmaramaks lisades pikemad tutikud silma keskosasse.\",\"breadcrumb\":{\"@id\":\"https:\\\/\\\/luminaglow.ee\\\/toode\\\/cloud-c-mix-ripsmepikendused-vaike-karp-10-10-12mm\\\/#breadcrumb\"},\"inLanguage\":\"en-GB\",\"potentialAction\":[{\"@type\":\"ReadAction\",\"target\":[\"https:\\\/\\\/luminaglow.ee\\\/toode\\\/cloud-c-mix-ripsmepikendused-vaike-karp-10-10-12mm\\\/\"]}]},{\"@type\":\"ImageObject\",\"inLanguage\":\"en-GB\",\"@id\":\"https:\\\/\\\/luminaglow.ee\\\/toode\\\/cloud-c-mix-ripsmepikendused-vaike-karp-10-10-12mm\\\/#primaryimage\",\"url\":\"https:\\\/\\\/luminaglow.ee\\\/wp-content\\\/uploads\\\/2023\\\/06\\\/PhotoRoom_20230907_210741.jpeg\",\"contentUrl\":\"https:\\\/\\\/luminaglow.ee\\\/wp-content\\\/uploads\\\/2023\\\/06\\\/PhotoRoom_20230907_210741.jpeg\",\"width\":1600,\"height\":1600},{\"@type\":\"BreadcrumbList\",\"@id\":\"https:\\\/\\\/luminaglow.ee\\\/toode\\\/cloud-c-mix-ripsmepikendused-vaike-karp-10-10-12mm\\\/#breadcrumb\",\"itemListElement\":[{\"@type\":\"ListItem\",\"position\":1,\"name\":\"Home\",\"item\":\"https:\\\/\\\/luminaglow.ee\\\/\"},{\"@type\":\"ListItem\",\"position\":2,\"name\":\"Shop\",\"item\":\"https:\\\/\\\/luminaglow.ee\\\/shop\\\/\"},{\"@type\":\"ListItem\",\"position\":3,\"name\":\"Cloud C-mix ripsmepikendused v\u00e4ike karp 10mm-12mm\"}]},{\"@type\":\"WebSite\",\"@id\":\"https:\\\/\\\/luminaglow.ee\\\/#website\",\"url\":\"https:\\\/\\\/luminaglow.ee\\\/\",\"name\":\"LuminaGlow ripsmepikendused\",\"description\":\"DIY ripsmepikendused\",\"publisher\":{\"@id\":\"https:\\\/\\\/luminaglow.ee\\\/#organization\"},\"potentialAction\":[{\"@type\":\"SearchAction\",\"target\":{\"@type\":\"EntryPoint\",\"urlTemplate\":\"https:\\\/\\\/luminaglow.ee\\\/?s={search_term_string}\"},\"query-input\":{\"@type\":\"PropertyValueSpecification\",\"valueRequired\":true,\"valueName\":\"search_term_string\"}}],\"inLanguage\":\"en-GB\"},{\"@type\":\"Organization\",\"@id\":\"https:\\\/\\\/luminaglow.ee\\\/#organization\",\"name\":\"LuminaGlow ripsmepikendused\",\"url\":\"https:\\\/\\\/luminaglow.ee\\\/\",\"logo\":{\"@type\":\"ImageObject\",\"inLanguage\":\"en-GB\",\"@id\":\"https:\\\/\\\/luminaglow.ee\\\/#\\\/schema\\\/logo\\\/image\\\/\",\"url\":\"https:\\\/\\\/luminaglow.ee\\\/wp-content\\\/uploads\\\/2023\\\/03\\\/cropped-luminaglow2-removebg-preview.png\",\"contentUrl\":\"https:\\\/\\\/luminaglow.ee\\\/wp-content\\\/uploads\\\/2023\\\/03\\\/cropped-luminaglow2-removebg-preview.png\",\"width\":852,\"height\":284,\"caption\":\"LuminaGlow ripsmepikendused\"},\"image\":{\"@id\":\"https:\\\/\\\/luminaglow.ee\\\/#\\\/schema\\\/logo\\\/image\\\/\"},\"sameAs\":[\"https:\\\/\\\/www.facebook.com\\\/people\\\/LuminaGlow\\\/100092716291095\\\/\",\"https:\\\/\\\/www.instagram.com\\\/luminaglow_lashes\\\/\"]}]}<\/script>\n<!-- \/ Yoast SEO plugin. -->","yoast_head_json":{"title":"Cloud C-mix ripsmepikendused v\u00e4ike karp 10mm-12mm - LuminaGlow ripsmepikendused","description":"Ripsmepikendused kahes pikkuses.V\u00e4iksem ja mugavam pakend.Paigalda vastavalt oma soovile- \u00fches v\u00f5i kolmes pikkuses r\u00f5hutades silma v\u00e4lisnurka v\u00f5i vastupidi- muutes seda \u00fcmaramaks lisades pikemad tutikud silma keskosasse.","robots":{"index":"index","follow":"follow","max-snippet":"max-snippet:-1","max-image-preview":"max-image-preview:large","max-video-preview":"max-video-preview:-1"},"canonical":"https:\/\/luminaglow.ee\/en\/product\/cloud-c-mix-ripsmepikendused-vaike-karp-10-10-12mm\/","og_locale":"en_GB","og_type":"article","og_title":"Cloud C-mix ripsmepikendused v\u00e4ike karp 10mm-12mm - LuminaGlow ripsmepikendused","og_description":"Ripsmepikendused kahes pikkuses.V\u00e4iksem ja mugavam pakend.Paigalda vastavalt oma soovile- \u00fches v\u00f5i kolmes pikkuses r\u00f5hutades silma v\u00e4lisnurka v\u00f5i vastupidi- muutes seda \u00fcmaramaks lisades pikemad tutikud silma keskosasse.","og_url":"https:\/\/luminaglow.ee\/en\/product\/cloud-c-mix-ripsmepikendused-vaike-karp-10-10-12mm\/","og_site_name":"LuminaGlow ripsmepikendused","article_publisher":"https:\/\/www.facebook.com\/people\/LuminaGlow\/100092716291095\/","article_modified_time":"2026-04-06T06:48:55+00:00","og_image":[{"width":1600,"height":1600,"url":"https:\/\/luminaglow.ee\/wp-content\/uploads\/2023\/06\/PhotoRoom_20230907_210741.jpeg","type":"image\/jpeg"}],"twitter_card":"summary_large_image","twitter_misc":{"Estimated reading time":"1 minute"},"schema":{"@context":"https:\/\/schema.org","@graph":[{"@type":"WebPage","@id":"https:\/\/luminaglow.ee\/toode\/cloud-c-mix-ripsmepikendused-vaike-karp-10-10-12mm\/","url":"https:\/\/luminaglow.ee\/toode\/cloud-c-mix-ripsmepikendused-vaike-karp-10-10-12mm\/","name":"Cloud C-mix ripsmepikendused v\u00e4ike karp 10mm-12mm - LuminaGlow ripsmepikendused","isPartOf":{"@id":"https:\/\/luminaglow.ee\/#website"},"primaryImageOfPage":{"@id":"https:\/\/luminaglow.ee\/toode\/cloud-c-mix-ripsmepikendused-vaike-karp-10-10-12mm\/#primaryimage"},"image":{"@id":"https:\/\/luminaglow.ee\/toode\/cloud-c-mix-ripsmepikendused-vaike-karp-10-10-12mm\/#primaryimage"},"thumbnailUrl":"https:\/\/luminaglow.ee\/wp-content\/uploads\/2023\/06\/PhotoRoom_20230907_210741.jpeg","datePublished":"2023-06-21T13:35:42+00:00","dateModified":"2026-04-06T06:48:55+00:00","description":"Ripsmepikendused kahes pikkuses.V\u00e4iksem ja mugavam pakend.Paigalda vastavalt oma soovile- \u00fches v\u00f5i kolmes pikkuses r\u00f5hutades silma v\u00e4lisnurka v\u00f5i vastupidi- muutes seda \u00fcmaramaks lisades pikemad tutikud silma keskosasse.","breadcrumb":{"@id":"https:\/\/luminaglow.ee\/toode\/cloud-c-mix-ripsmepikendused-vaike-karp-10-10-12mm\/#breadcrumb"},"inLanguage":"en-GB","potentialAction":[{"@type":"ReadAction","target":["https:\/\/luminaglow.ee\/toode\/cloud-c-mix-ripsmepikendused-vaike-karp-10-10-12mm\/"]}]},{"@type":"ImageObject","inLanguage":"en-GB","@id":"https:\/\/luminaglow.ee\/toode\/cloud-c-mix-ripsmepikendused-vaike-karp-10-10-12mm\/#primaryimage","url":"https:\/\/luminaglow.ee\/wp-content\/uploads\/2023\/06\/PhotoRoom_20230907_210741.jpeg","contentUrl":"https:\/\/luminaglow.ee\/wp-content\/uploads\/2023\/06\/PhotoRoom_20230907_210741.jpeg","width":1600,"height":1600},{"@type":"BreadcrumbList","@id":"https:\/\/luminaglow.ee\/toode\/cloud-c-mix-ripsmepikendused-vaike-karp-10-10-12mm\/#breadcrumb","itemListElement":[{"@type":"ListItem","position":1,"name":"Home","item":"https:\/\/luminaglow.ee\/"},{"@type":"ListItem","position":2,"name":"Shop","item":"https:\/\/luminaglow.ee\/shop\/"},{"@type":"ListItem","position":3,"name":"Cloud C-mix ripsmepikendused v\u00e4ike karp 10mm-12mm"}]},{"@type":"WebSite","@id":"https:\/\/luminaglow.ee\/#website","url":"https:\/\/luminaglow.ee\/","name":"LuminaGlow eyelash extensions","description":"DIY ripsmepikendused","publisher":{"@id":"https:\/\/luminaglow.ee\/#organization"},"potentialAction":[{"@type":"SearchAction","target":{"@type":"EntryPoint","urlTemplate":"https:\/\/luminaglow.ee\/?s={search_term_string}"},"query-input":{"@type":"PropertyValueSpecification","valueRequired":true,"valueName":"search_term_string"}}],"inLanguage":"en-GB"},{"@type":"Organization","@id":"https:\/\/luminaglow.ee\/#organization","name":"LuminaGlow eyelash extensions","url":"https:\/\/luminaglow.ee\/","logo":{"@type":"ImageObject","inLanguage":"en-GB","@id":"https:\/\/luminaglow.ee\/#\/schema\/logo\/image\/","url":"https:\/\/luminaglow.ee\/wp-content\/uploads\/2023\/03\/cropped-luminaglow2-removebg-preview.png","contentUrl":"https:\/\/luminaglow.ee\/wp-content\/uploads\/2023\/03\/cropped-luminaglow2-removebg-preview.png","width":852,"height":284,"caption":"LuminaGlow ripsmepikendused"},"image":{"@id":"https:\/\/luminaglow.ee\/#\/schema\/logo\/image\/"},"sameAs":["https:\/\/www.facebook.com\/people\/LuminaGlow\/100092716291095\/","https:\/\/www.instagram.com\/luminaglow_lashes\/"]}]}},"_links":{"self":[{"href":"https:\/\/luminaglow.ee\/en\/wp-json\/wp\/v2\/product\/2216","targetHints":{"allow":["GET"]}}],"collection":[{"href":"https:\/\/luminaglow.ee\/en\/wp-json\/wp\/v2\/product"}],"about":[{"href":"https:\/\/luminaglow.ee\/en\/wp-json\/wp\/v2\/types\/product"}],"wp:featuredmedia":[{"embeddable":true,"href":"https:\/\/luminaglow.ee\/en\/wp-json\/wp\/v2\/media\/2500"}],"wp:attachment":[{"href":"https:\/\/luminaglow.ee\/en\/wp-json\/wp\/v2\/media?parent=2216"}],"wp:term":[{"taxonomy":"product_brand","embeddable":true,"href":"https:\/\/luminaglow.ee\/en\/wp-json\/wp\/v2\/product_brand?post=2216"},{"taxonomy":"product_cat","embeddable":true,"href":"https:\/\/luminaglow.ee\/en\/wp-json\/wp\/v2\/product_cat?post=2216"},{"taxonomy":"product_tag","embeddable":true,"href":"https:\/\/luminaglow.ee\/en\/wp-json\/wp\/v2\/product_tag?post=2216"}],"curies":[{"name":"wp","href":"https:\/\/api.w.org\/{rel}","templated":true}]}}